{"id":5515,"date":"2015-02-21T13:51:27","date_gmt":"2015-02-21T11:51:27","guid":{"rendered":"http:\/\/seventhqueen.com\/themes\/kleo\/?page_id=5515"},"modified":"2025-08-02T19:10:00","modified_gmt":"2025-08-02T22:10:00","slug":"one-page-presentation","status":"publish","type":"page","link":"https:\/\/ctreencontro.org.br\/","title":{"rendered":"One Page Website Presentation"},"content":{"rendered":"<p>[vc_row inner_container=&#8221;no&#8221; text_align=&#8221;center&#8221; padding_top=&#8221;0&#8243; padding_bottom=&#8221;0&#8243;][vc_column][rev_slider_vc alias=&#8221;home1&#8243;][\/vc_column][\/vc_row][vc_row content_placement=&#8221;middle&#8221; text_align=&#8221;center&#8221; padding_top=&#8221;80&#8243; padding_bottom=&#8221;80&#8243; border=&#8221;bottom&#8221;][vc_column]<div  class=\"kleo-gap\" style=\"height:40px;line-height:40px;\"><\/div><div class=\"row multi-columns-row four-column-items\"><div class=\"one-by-one-animated animate-when-almost-visible\"><div class=\"feature-items col-xs-12 col-sm-6 col-md-3\"><div class=\"kleo-block feature-item list-el-animated big-icons-size center-icons\"><span class=\"feature-icon el-appear icon-emo-happy\"><\/span><h3 class=\"feature-title\">QUEM SOMOS<\/h3><div class=\"feature-text\">A Cl\u00ednica Reencontro oferece Programa destinado ao tratamento (interna\u00e7\u00e3o) de dependentes de \u00e1lcool e outras drogas, com presta\u00e7\u00e3o de servi\u00e7o de natureza terap\u00eautica.<\/div><\/div><\/div><div class=\"feature-items col-xs-12 col-sm-6 col-md-3\"><div class=\"kleo-block feature-item list-el-animated big-icons-size center-icons\"><span class=\"feature-icon el-appear icon-users-1\"><\/span><h3 class=\"feature-title\">EQUIPE<\/h3><div class=\"feature-text\">M\u00e9dicos, Psic\u00f3logos, monitores, educadores, enfermeiros, seguran\u00e7as e toda uma equipe profissional pronta para lhe atender.<\/div><\/div><\/div><div class=\"feature-items col-xs-12 col-sm-6 col-md-3\"><div class=\"kleo-block feature-item list-el-animated big-icons-size center-icons\"><span class=\"feature-icon el-appear icon-signal-1\"><\/span><h3 class=\"feature-title\">EVENTOS E A\u00c7\u00d5ES<\/h3><div class=\"feature-text\">Participamos efetivamente da comunidade com eventos sociais, bem como a pratica de terapias.<\/p>\n<p style=\"text-align: center;\"><a href=\"http:\/\/ctreencontro.org.br\/index.php\/eventos\"><strong>SAIBA MAIS<\/strong><\/a><\/p>\n<p><\/div><\/div><\/div><div class=\"feature-items col-xs-12 col-sm-6 col-md-3\"><div class=\"kleo-block feature-item list-el-animated big-icons-size center-icons\"><span class=\"feature-icon el-appear icon-thumbs-up\"><\/span><h3 class=\"feature-title\">TRATAMENTO<\/h3><div class=\"feature-text\">Conhe\u00e7a a nossa proposta de trabalho. Obtemos resultados positivos e compensadores aplicando a nossa metodologia.<\/p>\n<p style=\"text-align: center;\"><a href=\"http:\/\/ctreencontro.org.br\/index.php\/tratamento\"><strong>SAIBA MAIS<\/strong><\/a><\/p>\n<p><\/div><\/div><\/div><\/div><\/div>[\/vc_column][\/vc_row][vc_row el_id=&#8221;demos&#8221; text_align=&#8221;center&#8221; padding_top=&#8221;80&#8243; padding_bottom=&#8221;80&#8243; el_class=&#8221;col dark&#8221;][vc_column][vc_column_text]<\/p>\n<h2>Estrutura<\/h2>\n<p>[\/vc_column_text][vc_column_text]<\/p>\n<h1 class=\"title\">Conhe\u00e7a nossas depend\u00eancias<\/h1>\n<p>[\/vc_column_text][vc_column_text lead=&#8221;yes&#8221;]Localizada em uma ch\u00e1cara, primamos pela qualidade de vida que nossos pacientes buscam. Natureza, Conforto e Lazer s\u00e3o fundamentais para o sucesso dos tratamentos.[\/vc_column_text]<div  class=\"kleo-gap\" style=\"height:30;line-height:30;\"><\/div>[vc_row_inner][vc_column_inner width=&#8221;1\/3&#8243;]\n\t<div  class=\"hr-title hr-full hr-center\" style=\"\"><abbr><i class=\"\"><\/i> CASA PRINCIPAL<\/abbr><\/div><div  class=\"kleo-gap\" style=\"height:10px;line-height:10px;\"><\/div>[vc_single_image image=&#8221;8700&#8243; img_size=&#8221;large&#8221; alignment=&#8221;center&#8221; onclick=&#8221;custom_link&#8221; img_link_target=&#8221;_blank&#8221; animation=&#8221;animate-when-almost-visible&#8221; css_animation=&#8221;bottom-to-top&#8221; link=&#8221;http:\/\/seventhqueen.com\/themes\/kleo\/news-magazine\/&#8221;]<div  class=\"kleo-gap\" style=\"height:30px;line-height:30px;\"><\/div>[\/vc_column_inner][vc_column_inner width=&#8221;1\/3&#8243;]\n\t<div  class=\"hr-title hr-full hr-center\" style=\"\"><abbr><i class=\"\"><\/i> LAZER E SOCIABILIDADE<\/abbr><\/div><div  class=\"kleo-gap\" style=\"height:10px;line-height:10px;\"><\/div>[vc_single_image image=&#8221;8701&#8243; img_size=&#8221;large&#8221; alignment=&#8221;center&#8221; onclick=&#8221;custom_link&#8221; img_link_target=&#8221;_blank&#8221; animation=&#8221;animate-when-almost-visible&#8221; css_animation=&#8221;bottom-to-top&#8221; link=&#8221;http:\/\/seventhqueen.com\/themes\/kleo\/members\/kleoadmin\/&#8221;]<a class=\"btn btn-see-through btn-lg\" href=\"http:\/\/ctreencontro.org.br\/index.php\/estrutura\">VEJA MAIS<\/a><div  class=\"kleo-gap\" style=\"height:30px;line-height:30px;\"><\/div>[\/vc_column_inner][vc_column_inner width=&#8221;1\/3&#8243;]\n\t<div  class=\"hr-title hr-full hr-center\" style=\"\"><abbr><i class=\"\"><\/i> NATUREZA SEMPRE PRESENTE<\/abbr><\/div><div  class=\"kleo-gap\" style=\"height:10px;line-height:10px;\"><\/div>[vc_single_image image=&#8221;8702&#8243; img_size=&#8221;large&#8221; alignment=&#8221;center&#8221; onclick=&#8221;custom_link&#8221; img_link_target=&#8221;_blank&#8221; animation=&#8221;animate-when-almost-visible&#8221; css_animation=&#8221;bottom-to-top&#8221; link=&#8221;http:\/\/seventhqueen.com\/themes\/kleo\/get-connected\/&#8221;]<div  class=\"kleo-gap\" style=\"height:20px;line-height:20px;\"><\/div><div  class=\"kleo-gap\" style=\"height:30px;line-height:30px;\"><\/div>[\/vc_column_inner][\/vc_row_inner]<div  class=\"kleo-gap\" style=\"height:40px;line-height:40px;\"><\/div><div class=\"wpb_wrapper\"><div class=\" kleo-testimonials starred\">\n\t\t\t\t<figure class=\"callout-blockquote light\">\n\t\t\t\t\t<blockquote>\n\t\t\t\t\t\t<div class=\"rating-stars\">\n\t\t\t\t\t\t\t<i class=\"icon icon-star\"><\/i>\n\t\t\t\t\t\t\t<i class=\"icon icon-star\"><\/i>\n\t\t\t\t\t\t\t<i class=\"icon icon-star\"><\/i>\n\t\t\t\t\t\t\t<i class=\"icon icon-star\"><\/i>\n\t\t\t\t\t\t\t<i class=\"icon icon-star\"><\/i>\n\t\t\t\t\t\t<\/div>\n\t\t\t\t\t\t<p>Poder me distanciar da realidade t\u00e3o dura que tinha, foi um passo fundamental para minha recupera\u00e7\u00e3o. A Natureza, Divers\u00e3o e muita disciplina me fizeram ver o mundo com outros olhos e me afastar definitavamente.<\/p>\n\t\t\t\t\t<\/blockquote>\n\t\t\t\t\t<figcaption> <span class=\"title-name\">Marcos Aur\u00e9lio<\/span><br>\n\t\t\t\t\t\t<span><\/span><br>\n\t\t\t\t\t<\/figcaption>\n\t\t\t\t<\/figure>\n\n\t\t\t\t\n\t\t\t\t<figure class=\"callout-blockquote light\">\n\t\t\t\t\t<blockquote>\n\t\t\t\t\t\t<div class=\"rating-stars\">\n\t\t\t\t\t\t\t<i class=\"icon icon-star\"><\/i>\n\t\t\t\t\t\t\t<i class=\"icon icon-star\"><\/i>\n\t\t\t\t\t\t\t<i class=\"icon icon-star\"><\/i>\n\t\t\t\t\t\t\t<i class=\"icon icon-star\"><\/i>\n\t\t\t\t\t\t\t<i class=\"icon icon-star\"><\/i>\n\t\t\t\t\t\t<\/div>\n\t\t\t\t\t\t<p>Gra\u00e7as a seriedade do tratamento, hoje estou limpo h\u00e1 mais de 10 anos. S\u00f3 tenho a agradecer a todos pelo excelente trabalho!<\/p>\n\t\t\t\t\t<\/blockquote>\n\t\t\t\t\t<figcaption> <span class=\"title-name\">Roberto Vilassa<\/span><br>\n\t\t\t\t\t\t<span><\/span><br>\n\t\t\t\t\t<\/figcaption>\n\t\t\t\t<\/figure>\n\n\t\t\t\t<\/div><!-- end kleo-testimonials --><\/div>[\/vc_column][\/vc_row][vc_row text_align=&#8221;center&#8221; text_color=&#8221;#ffffff&#8221; type=&#8221;image&#8221; bg_position=&#8221;center&#8221; bg_position_horizontal=&#8221;center&#8221; enable_parallax=&#8221;false&#8221; parallax_speed=&#8221;0.05&#8243; padding_top=&#8221;160&#8243; padding_bottom=&#8221;160&#8243; bg_image=&#8221;5776&#8243;][vc_column width=&#8221;1\/4&#8243;][vc_single_image image=&#8221;8750&#8243; img_size=&#8221;350&#215;210&#8243;][\/vc_column][vc_column width=&#8221;3\/4&#8243;][vc_column_text lead=&#8221;yes&#8221;]<\/p>\n<h1 class=\"main-title\"><span style=\"color: #ff6600;\">VINHEDO: \u2018REENCONTRO\u2019<br \/>\n<\/span><span style=\"color: #993300;\">promove uma nova chance de amor \u00e0 vida<\/span><\/h1>\n<p>[\/vc_column_text]<div  class=\"kleo-gap\" style=\"height:30px;line-height:30px;\"><\/div>[vc_column_text lead=&#8221;yes&#8221;]<span style=\"color: #993300;\">CLIQUE AQUI PARA LER, NA INTEGRA, A MAT\u00c9RIA SOBRE A NOSSA CL\u00cdNICA BEM COMO NOSSOS SERVI\u00c7OS PUBLICADA PELO JORNAL NOT\u00cdCIAS DE VINHEDO.<\/span>[\/vc_column_text]<a class=\"btn btn-special btn-highlight style2 btn-xxl btn-text-animated\" href=\"http:\/\/www.fn10.com.br\/vinhedo-reencontro-promove-uma-nova-chance-de-amor-a-vida\/\" target=\"_blank\"><span>CLIQUE AQUI<\/span><span>acessar<\/span><\/a>[\/vc_column][\/vc_row][vc_row content_placement=&#8221;middle&#8221; text_align=&#8221;center&#8221;][vc_column width=&#8221;2\/3&#8243;][vc_column_text]<\/p>\n<p style=\"text-align: center;\"><div id=\"logo-slider-wraper\">            <ul id=\"logo-slider\" class=\"cycle-slideshow\"\r\n                data-cycle-fx=\"scrollHorz\"\r\n                data-cycle-timeout=\"0\"\r\n                data-cycle-next=\"#prev\"\r\n                data-cycle-prev=\"#next\"\r\n                data-cycle-speed=\"600\"\r\n                data-cycle-slides=\"> li\"\r\n            >\r\n                    <\/ul>\r\n<\/div>\n<p>[\/vc_column_text][\/vc_column][vc_column width=&#8221;1\/3&#8243;][\/vc_column][\/vc_row][vc_row content_placement=&#8221;middle&#8221; el_id=&#8221;theme-support&#8221; inner_container=&#8221;no&#8221; vertical_align=&#8221;yes&#8221; column_gap=&#8221;no&#8221; padding_top=&#8221;0&#8243; padding_bottom=&#8221;0&#8243; padding_left=&#8221;0&#8243; padding_right=&#8221;0&#8243; overflow=&#8221;false&#8221;][vc_column width=&#8221;1\/2&#8243; css=&#8221;.vc_custom_1504147756659{background-color: #005866 !important;background-position: center !important;background-repeat: no-repeat !important;background-size: cover !important;}&#8221;][vc_gmaps link=&#8221;#E-8_JTNDaWZyYW1lJTIwc3R5bGUlM0QlMjJib3JkZXIlM0ElMjAwJTNCJTIyJTIwc3JjJTNEJTIyaHR0cHMlM0ElMkYlMkZ3d3cuZ29vZ2xlLmNvbSUyRm1hcHMlMkZlbWJlZCUzRnBiJTNEJTIxMW0xNCUyMTFtOCUyMTFtMyUyMTFkMTQ2ODcuODA0MDg1MzkwODY0JTIxMmQtNDcuMDA2MDg4NSUyMTNkLTIzLjAyNTU3MDUlMjEzbTIlMjExaTEwMjQlMjEyaTc2OCUyMTRmMTMuMSUyMTNtMyUyMTFtMiUyMTFzMHgwJTI1M0EweGZmNjBiOTQwNmY0YjMyYTQlMjEyelEyekRyVzVwWTJFZ1pHVWdVbVZqZFhCbGNtSERwOE9qYnlCbElGSmxZV0pwYkdsMFljT253Nk52SUVOVUlGSmxaVzVqYjI1MGNtOCUyMTVlMCUyMTNtMiUyMTFzcHQtQlIlMjEyc2JyJTIxNHYxNTA0MTQ2NTU5Njc2JTIyJTIwd2lkdGglM0QlMjIxMDAwJTIyJTIwaGVpZ2h0JTNEJTIyNjAwJTIyJTIwZnJhbWVib3JkZXIlM0QlMjIwJTIyJTIwYWxsb3dmdWxsc2NyZWVuJTNEJTIyYWxsb3dmdWxsc2NyZWVuJTIyJTNFJTNDJTJGaWZyYW1lJTNF&#8221; css=&#8221;.vc_custom_1504147673854{background-color: #148f93 !important;}&#8221;][\/vc_column][vc_column width=&#8221;1\/2&#8243; font_color=&#8221;#ffffff&#8221; css=&#8221;.vc_custom_1504147746129{padding-top: 140px !important;padding-right: 100px !important;padding-bottom: 140px !important;padding-left: 100px !important;background-color: #005866 !important;}&#8221;][vc_column_text text_color=&#8221;#ededed&#8221;]<\/p>\n<h1><span style=\"color: #ffffff;\">FALE CONOSCO<\/span><\/h1>\n<p><span style=\"color: #ffffff;\"><strong>Estamos dispon\u00edveis 24 horas por dia, 7 dias da semana. Entre em contato que retornaremos o mais breve poss\u00edvel.<\/strong><\/span><\/p>\n<p>Reencontro \u2013 Centro de Tratamento para dependentes de \u00c1lcool e outras Drogas<\/p>\n<p>CNPJ 09.065.348\/0001-31<br \/>\nAvenida Carolina Von Zuben , 858 Bairro: Vista Alegre<br \/>\nVinhedo (SP) \u2013 CEP 13.280-000<br \/>\nFone 19 3829.0664[\/vc_column_text]<div class=\"wpforms-container wpforms-container-full\" id=\"wpforms-8707\"><form id=\"wpforms-form-8707\" class=\"wpforms-validate wpforms-form\" data-formid=\"8707\" method=\"post\" enctype=\"multipart\/form-data\" action=\"\/index.php\/wp-json\/wp\/v2\/pages\/5515\" data-token=\"982ee5b1166ad0f889d64ef2e31dc454\" data-token-time=\"1776595288\"><noscript class=\"wpforms-error-noscript\">Ative o JavaScript no seu navegador para preencher este formul\u00e1rio.<\/noscript><div class=\"wpforms-field-container\"><div id=\"wpforms-8707-field_0-container\" class=\"wpforms-field wpforms-field-name\" data-field-id=\"0\"><label class=\"wpforms-field-label\" for=\"wpforms-8707-field_0\">Nome <span class=\"wpforms-required-label\">*<\/span><\/label><input type=\"text\" id=\"wpforms-8707-field_0\" class=\"wpforms-field-medium wpforms-field-required\" name=\"wpforms[fields][0]\" required><\/div><div id=\"wpforms-8707-field_1-container\" class=\"wpforms-field wpforms-field-email\" data-field-id=\"1\"><label class=\"wpforms-field-label\" for=\"wpforms-8707-field_1\">E-mail <span class=\"wpforms-required-label\">*<\/span><\/label><input type=\"email\" id=\"wpforms-8707-field_1\" class=\"wpforms-field-medium wpforms-field-required\" name=\"wpforms[fields][1]\" spellcheck=\"false\" required><\/div><div id=\"wpforms-8707-field_2-container\" class=\"wpforms-field wpforms-field-textarea\" data-field-id=\"2\"><label class=\"wpforms-field-label\" for=\"wpforms-8707-field_2\">Mensagem <span class=\"wpforms-required-label\">*<\/span><\/label><textarea id=\"wpforms-8707-field_2\" class=\"wpforms-field-medium wpforms-field-required\" name=\"wpforms[fields][2]\" required><\/textarea><\/div><\/div><!-- .wpforms-field-container --><div class=\"wpforms-field wpforms-field-hp\"><label for=\"wpforms-8707-field-hp\" class=\"wpforms-field-label\">Name<\/label><input type=\"text\" name=\"wpforms[hp]\" id=\"wpforms-8707-field-hp\" class=\"wpforms-field-medium\"><\/div><div class=\"wpforms-submit-container\" ><input type=\"hidden\" name=\"wpforms[id]\" value=\"8707\"><input type=\"hidden\" name=\"page_title\" value=\"\"><input type=\"hidden\" name=\"page_url\" value=\"https:\/\/ctreencontro.org.br\/index.php\/wp-json\/wp\/v2\/pages\/5515\"><input type=\"hidden\" name=\"url_referer\" value=\"\"><button type=\"submit\" name=\"wpforms[submit]\" id=\"wpforms-submit-8707\" class=\"wpforms-submit\" data-alt-text=\"Enviando...\" data-submit-text=\"Enviar\" aria-live=\"assertive\" value=\"wpforms-submit\">Enviar<\/button><\/div><\/form><\/div>  <!-- .wpforms-container -->[\/vc_column][\/vc_row]<\/p>\n","protected":false},"excerpt":{"rendered":"<p>[vc_row inner_container=&#8221;no&#8221; text_align=&#8221;center&#8221; padding_top=&#8221;0&#8243; padding_bottom=&#8221;0&#8243;][vc_column][rev_slider_vc alias=&#8221;home1&#8243;][\/vc_column][\/vc_row][vc_row content_placement=&#8221;middle&#8221; text_align=&#8221;center&#8221; padding_top=&#8221;80&#8243; padding_bottom=&#8221;80&#8243; border=&#8221;bottom&#8221;][vc_column][\/vc_column][\/vc_row][vc_row el_id=&#8221;demos&#8221; text_align=&#8221;center&#8221; padding_top=&#8221;80&#8243; padding_bottom=&#8221;80&#8243; el_class=&#8221;col dark&#8221;][vc_column][vc_column_text] Estrutura [\/vc_column_text][vc_column_text] Conhe\u00e7a nossas depend\u00eancias [\/vc_column_text][vc_column_text lead=&#8221;yes&#8221;]Localizada em uma ch\u00e1cara, primamos pela qualidade de vida que nossos pacientes buscam. Natureza, Conforto e Lazer s\u00e3o fundamentais para o sucesso dos tratamentos.[\/vc_column_text][vc_row_inner][vc_column_inner width=&#8221;1\/3&#8243;][vc_single_image image=&#8221;8700&#8243; img_size=&#8221;large&#8221; alignment=&#8221;center&#8221; onclick=&#8221;custom_link&#8221; img_link_target=&#8221;_blank&#8221; animation=&#8221;animate-when-almost-visible&#8221; css_animation=&#8221;bottom-to-top&#8221; link=&#8221;http:\/\/seventhqueen.com\/themes\/kleo\/news-magazine\/&#8221;][\/vc_column_inner][vc_column_inner width=&#8221;1\/3&#8243;][vc_single_image image=&#8221;8701&#8243; img_size=&#8221;large&#8221; alignment=&#8221;center&#8221; [&hellip;]<\/p>\n","protected":false},"author":1,"featured_media":0,"parent":0,"menu_order":0,"comment_status":"closed","ping_status":"closed","template":"page-templates\/full-width.php","meta":{"footnotes":""},"class_list":["post-5515","page","type-page","status-publish","hentry"],"_links":{"self":[{"href":"https:\/\/ctreencontro.org.br\/index.php\/wp-json\/wp\/v2\/pages\/5515","targetHints":{"allow":["GET"]}}],"collection":[{"href":"https:\/\/ctreencontro.org.br\/index.php\/wp-json\/wp\/v2\/pages"}],"about":[{"href":"https:\/\/ctreencontro.org.br\/index.php\/wp-json\/wp\/v2\/types\/page"}],"author":[{"embeddable":true,"href":"https:\/\/ctreencontro.org.br\/index.php\/wp-json\/wp\/v2\/users\/1"}],"replies":[{"embeddable":true,"href":"https:\/\/ctreencontro.org.br\/index.php\/wp-json\/wp\/v2\/comments?post=5515"}],"version-history":[{"count":1,"href":"https:\/\/ctreencontro.org.br\/index.php\/wp-json\/wp\/v2\/pages\/5515\/revisions"}],"predecessor-version":[{"id":8914,"href":"https:\/\/ctreencontro.org.br\/index.php\/wp-json\/wp\/v2\/pages\/5515\/revisions\/8914"}],"wp:attachment":[{"href":"https:\/\/ctreencontro.org.br\/index.php\/wp-json\/wp\/v2\/media?parent=5515"}],"curies":[{"name":"wp","href":"https:\/\/api.w.org\/{rel}","templated":true}]}}