{"id":8734,"date":"2017-09-11T13:41:30","date_gmt":"2017-09-11T13:41:30","guid":{"rendered":"http:\/\/ctreencontro.org.br\/?page_id=8734"},"modified":"2017-09-11T13:48:06","modified_gmt":"2017-09-11T13:48:06","slug":"tratamento","status":"publish","type":"page","link":"https:\/\/ctreencontro.org.br\/index.php\/tratamento\/","title":{"rendered":"Tratamento"},"content":{"rendered":"<p>[vc_row][vc_column][vc_column_text]A depend\u00eancia de subst\u00e2ncias psicoativas (\u00e1lcool incluso) \u00e9 uma doen\u00e7a f\u00edsica, comportamental e social que produz conseq\u00fc\u00eancias negativas na vida do dependente nos campos afetivo, profissional, familiar e social. Definida pela OMS (Organiza\u00e7\u00e3o Mundial de Sa\u00fade) como uma doen\u00e7a onde h\u00e1 manifesto desejo e compuls\u00e3o por subst\u00e2ncias psicoativas, incontrolabilidade do uso, sintomas t\u00edpicos de abstin\u00eancia (sintomas distintos a depender da droga utilizada), toler\u00e2ncia e estreitamento do repert\u00f3rio social.<\/p>\n<p>Para contextualizarmos a dimens\u00e3o deste quadro na atualidade, segundo a Organiza\u00e7\u00e3o Mundial de Sa\u00fade (OMS), cerca de 10% das popula\u00e7\u00f5es de centros urbanos do mundo consomem abusivamente subst\u00e2ncias psicoativas, ou seja, trata-se de um fen\u00f4meno crescente e significativo na contemporaneidade. Portanto, \u00e9 incontest\u00e1vel que a depend\u00eancia de subst\u00e2ncias (\u00e1lcool e outras drogas) \u00e9 altamente prevalente entre os indiv\u00edduos da sociedade moderna e reconhecidamente se acompanha de problemas sociais, psicol\u00f3gicos e f\u00edsicos, a curto, m\u00e9dio e longo prazo, tornando-se uma evidente quest\u00e3o de sa\u00fade p\u00fablica. Diante deste quadro, \u00e9 crescente a demanda <strong>por diferentes modalidades de tratamento<\/strong> e a qualifica\u00e7\u00e3o destes \u00e9 de suma import\u00e2ncia.<\/p>\n<p>H\u00e1 incont\u00e1veis tipos de ambientes de tratamento, apesar de alguns serem mais conhecidos e tradicionais. Cada um deles possui vantagens e desvantagens na presta\u00e7\u00e3o de aux\u00edlio ao dependente qu\u00edmico. N\u00e3o h\u00e1 um servi\u00e7o melhor que o outro, mas sim pacientes mais indicados para cada servi\u00e7o. A compreens\u00e3o e o entendimento das possibilidades e limita\u00e7\u00f5es de cada ambiente de tratamento auxiliam o processo de adequa\u00e7\u00e3o de um servi\u00e7o \u00e0s necessidades da comunidade a qual presta assist\u00eancia. O momento do tratamento tamb\u00e9m influencia a escolha do servi\u00e7o.<a href=\"#_ftn1\" name=\"_ftnref1\">[1]<\/a><\/p>\n<p>O trabalho realizado em centros de tratamento para dependentes de subst\u00e2ncias psicoativas visa, portanto, auxiliar o dependente no abandono da subst\u00e2ncia e lev\u00e1-lo a uma mudan\u00e7a de padr\u00f5es de comportamento, de modo a produzir um padr\u00e3o mais saud\u00e1vel emocionalmente e melhorar assim, sua qualidade de vida e de seus familiares.<\/p>\n<p>No contexto da Reencontro, trata-se de um Programa destinado ao tratamento (interna\u00e7\u00e3o) de dependentes de \u00e1lcool e outras drogas, com presta\u00e7\u00e3o de servi\u00e7o de natureza terap\u00eautica.<\/p>\n<p>Diante da complexidade do tema da depend\u00eancia de substancias, \u00e9 de suma import\u00e2ncia a participa\u00e7\u00e3o da fam\u00edlia para o processo de recupera\u00e7\u00e3o e reinser\u00e7\u00e3o social do residente e, portanto, trabalhamos no sentido da responsabiliza\u00e7\u00e3o parental.<\/p>\n<p>Para tanto, oferecemos aos familiares acompanhamento individual e\/ou grupo na institui\u00e7\u00e3o. S\u00e3o realizados grupos de orienta\u00e7\u00e3o familiar, atendimentos individuais, palestras informativas e visita assistida. Importante ressaltar que a Reencontro tamb\u00e9m estimula a participa\u00e7\u00e3o de familiares em grupos de auto-ajuda.<\/p>\n<p><a href=\"#_ftnref1\" name=\"_ftn1\">[1]<\/a> Revista Brasileira de Psiquiatria &#8211; Dr. Marcelo Ribeiro (UNIAD) \u2013 Organiza\u00e7\u00e3o dos Servi\u00e7os para o tratamento da depend\u00eancia de \u00e1lcool.\u00a0 2004.[\/vc_column_text][\/vc_column][\/vc_row]<\/p>\n","protected":false},"excerpt":{"rendered":"<p>[vc_row][vc_column][vc_column_text]A depend\u00eancia de subst\u00e2ncias psicoativas (\u00e1lcool incluso) \u00e9 uma doen\u00e7a f\u00edsica, comportamental e social que produz conseq\u00fc\u00eancias negativas na vida do dependente nos campos afetivo, profissional, familiar e social. Definida pela OMS (Organiza\u00e7\u00e3o Mundial de Sa\u00fade) como uma doen\u00e7a onde h\u00e1 manifesto desejo e compuls\u00e3o por subst\u00e2ncias psicoativas, incontrolabilidade do uso, sintomas t\u00edpicos de abstin\u00eancia (sintomas distintos a depender da [&hellip;]<\/p>\n","protected":false},"author":1,"featured_media":0,"parent":0,"menu_order":0,"comment_status":"closed","ping_status":"closed","template":"","meta":{"footnotes":""},"class_list":["post-8734","page","type-page","status-publish","hentry"],"_links":{"self":[{"href":"https:\/\/ctreencontro.org.br\/index.php\/wp-json\/wp\/v2\/pages\/8734","targetHints":{"allow":["GET"]}}],"collection":[{"href":"https:\/\/ctreencontro.org.br\/index.php\/wp-json\/wp\/v2\/pages"}],"about":[{"href":"https:\/\/ctreencontro.org.br\/index.php\/wp-json\/wp\/v2\/types\/page"}],"author":[{"embeddable":true,"href":"https:\/\/ctreencontro.org.br\/index.php\/wp-json\/wp\/v2\/users\/1"}],"replies":[{"embeddable":true,"href":"https:\/\/ctreencontro.org.br\/index.php\/wp-json\/wp\/v2\/comments?post=8734"}],"version-history":[{"count":0,"href":"https:\/\/ctreencontro.org.br\/index.php\/wp-json\/wp\/v2\/pages\/8734\/revisions"}],"wp:attachment":[{"href":"https:\/\/ctreencontro.org.br\/index.php\/wp-json\/wp\/v2\/media?parent=8734"}],"curies":[{"name":"wp","href":"https:\/\/api.w.org\/{rel}","templated":true}]}}